{"id":11,"date":"2025-05-27T19:11:40","date_gmt":"2025-05-27T17:11:40","guid":{"rendered":"http:\/\/uiicmtr.cluster021.hosting.ovh.net\/?page_id=11"},"modified":"2025-10-01T18:56:21","modified_gmt":"2025-10-01T16:56:21","slug":"accueil","status":"publish","type":"page","link":"https:\/\/www.basicstoulouse.fr\/","title":{"rendered":"Accueil"},"content":{"rendered":"\n<div class=\"wp-block-cover alignfull has-aspect-ratio wp-duotone-unset-1\" style=\"margin-top:0;margin-bottom:0;padding-top:151px;padding-right:0;padding-bottom:21px;padding-left:0;min-height:811px;aspect-ratio:auto;min-height:unset;\"><img loading=\"lazy\" decoding=\"async\" width=\"2560\" height=\"1707\" class=\"wp-block-cover__image-background wp-image-317 size-full\" alt=\"\" src=\"http:\/\/www.basicstoulouse.fr\/wp-content\/uploads\/2025\/10\/WhatsApp-Image-2025-10-01-at-12.29.25-scaled.jpeg\" data-object-fit=\"cover\" srcset=\"https:\/\/www.basicstoulouse.fr\/wp-content\/uploads\/2025\/10\/WhatsApp-Image-2025-10-01-at-12.29.25-scaled.jpeg 2560w, https:\/\/www.basicstoulouse.fr\/wp-content\/uploads\/2025\/10\/WhatsApp-Image-2025-10-01-at-12.29.25-300x200.jpeg 300w, https:\/\/www.basicstoulouse.fr\/wp-content\/uploads\/2025\/10\/WhatsApp-Image-2025-10-01-at-12.29.25-1024x683.jpeg 1024w, https:\/\/www.basicstoulouse.fr\/wp-content\/uploads\/2025\/10\/WhatsApp-Image-2025-10-01-at-12.29.25-768x512.jpeg 768w, https:\/\/www.basicstoulouse.fr\/wp-content\/uploads\/2025\/10\/WhatsApp-Image-2025-10-01-at-12.29.25-1536x1024.jpeg 1536w, https:\/\/www.basicstoulouse.fr\/wp-content\/uploads\/2025\/10\/WhatsApp-Image-2025-10-01-at-12.29.25-2048x1365.jpeg 2048w\" sizes=\"auto, (max-width: 2560px) 100vw, 2560px\" \/><span aria-hidden=\"true\" class=\"wp-block-cover__background has-background-dim wp-block-cover__gradient-background has-background-gradient\" style=\"background:linear-gradient(135deg,rgb(252,39,229) 0%,rgb(24,24,25) 45%,rgb(38,48,248) 100%)\"><\/span><div class=\"wp-block-cover__inner-container is-layout-constrained wp-container-core-cover-is-layout-cd5f0a44 wp-block-cover-is-layout-constrained\">\n<div class=\"wp-block-columns is-layout-flex wp-container-core-columns-is-layout-7b1c9e8d wp-block-columns-is-layout-flex\" style=\"margin-top:0;margin-bottom:0;padding-top:var(--wp--preset--spacing--30);padding-bottom:var(--wp--preset--spacing--30)\">\n<div class=\"wp-block-column is-vertically-aligned-bottom is-layout-constrained wp-block-column-is-layout-constrained\" style=\"flex-basis:100%\">\n<h1 class=\"wp-block-heading has-text-align-center has-white-color has-text-color\">BASICS TOULOUSE<\/h1>\n\n\n\n<p class=\"has-text-align-center has-white-color has-text-color fill-bg-text animate has-medium-font-size\" style=\"border-radius:0px;padding-top:0;padding-right:0;padding-bottom:0;padding-left:0;font-style:normal;font-weight:100;text-transform:uppercase\"><mark style=\"background-color:var(--ast-global-color-1)\" class=\"has-inline-color has-ast-global-color-5-color\">Les BASICS 2025 c&rsquo;est fini ! Merci \u00e0 tous pour cette belle \u00e9dition.<\/mark><\/p>\n\n\n\n<p class=\"has-text-align-center has-ast-global-color-5-color has-text-color has-link-color wp-elements-195a910ee3ce1723cf241b1efd17608d\">Rendez-vous l&rsquo;ann\u00e9e prochaine ?<\/p>\n<\/div>\n<\/div>\n\n\n\n<div class=\"wp-block-group alignwide has-ast-global-color-4-color has-text-color has-link-color wp-elements-39a87815f5f85f58dbb9662aad708752 is-layout-constrained wp-container-core-group-is-layout-95730b41 wp-block-group-is-layout-constrained\" style=\"min-height:0px;padding-top:0;padding-bottom:0\"><\/div>\n<\/div><\/div>\n\n\n\n<div class=\"wp-block-columns are-vertically-aligned-center is-layout-flex wp-container-core-columns-is-layout-28f84493 wp-block-columns-is-layout-flex\">\n<div class=\"wp-block-column is-layout-flow wp-block-column-is-layout-flow\" style=\"flex-basis:85%\">\n<div class=\"wp-block-group alignfull is-layout-constrained wp-container-core-group-is-layout-0405d8b8 wp-block-group-is-layout-constrained\" style=\"margin-top:0;margin-bottom:0;padding-right:0px\">\n<h2 class=\"wp-block-heading\" style=\"padding-right:0px\">L&rsquo;\u00e9v\u00e8nement \u00e0 ne pas rater<\/h2>\n\n\n\n<p>Plus de 500 athl\u00e8tes se sont affront\u00e9s en team de 3, au MIN (March\u00e9 d&rsquo;Int\u00e9r\u00eat National) \u00e0 TOULOUSE sur un complexe de plus de 5 000 m2.<\/p>\n\n\n\n<p>Une comp\u00e9tition ouverte \u00e0 2 cat\u00e9gories : OPEN &amp; PRO (niveau \u00e9lite)<\/p>\n<\/div>\n<\/div>\n\n\n\n<div class=\"wp-block-column is-layout-flow wp-block-column-is-layout-flow\" style=\"flex-basis:15%\">\n<figure class=\"wp-block-image\"><img loading=\"lazy\" decoding=\"async\" width=\"1024\" height=\"1024\" src=\"http:\/\/uiicmtr.cluster021.hosting.ovh.net\/wp-content\/uploads\/2025\/05\/23-mars-rendu-1024x1024.png\" alt=\"\" class=\"wp-image-37\" srcset=\"https:\/\/www.basicstoulouse.fr\/wp-content\/uploads\/2025\/05\/23-mars-rendu-1024x1024.png 1024w, https:\/\/www.basicstoulouse.fr\/wp-content\/uploads\/2025\/05\/23-mars-rendu-300x300.png 300w, https:\/\/www.basicstoulouse.fr\/wp-content\/uploads\/2025\/05\/23-mars-rendu-150x150.png 150w, https:\/\/www.basicstoulouse.fr\/wp-content\/uploads\/2025\/05\/23-mars-rendu-768x768.png 768w, https:\/\/www.basicstoulouse.fr\/wp-content\/uploads\/2025\/05\/23-mars-rendu.png 1350w\" sizes=\"auto, (max-width: 1024px) 100vw, 1024px\" \/><\/figure>\n<\/div>\n<\/div>\n\n\n\n<h2 class=\"wp-block-heading has-text-align-center\">Nos partenaires privil\u00e9gi\u00e9s<\/h2>\n\n\n\n<div class=\"wp-block-columns is-layout-flex wp-container-core-columns-is-layout-28f84493 wp-block-columns-is-layout-flex\">\n<div class=\"wp-block-column is-layout-flow wp-block-column-is-layout-flow\" style=\"flex-basis:100%\">\n<div class=\"wp-block-group is-nowrap is-layout-flex wp-container-core-group-is-layout-6c531013 wp-block-group-is-layout-flex\">\n<div class=\"wp-block-columns is-layout-flex wp-container-core-columns-is-layout-28f84493 wp-block-columns-is-layout-flex\">\n<div class=\"wp-block-column is-layout-flow wp-block-column-is-layout-flow\" style=\"flex-basis:25%\">\n<figure class=\"wp-block-gallery has-nested-images columns-default is-cropped wp-block-gallery-2 is-layout-flex wp-block-gallery-is-layout-flex\">\n<figure class=\"wp-block-image size-large\"><a href=\"http:\/\/www.rxwear.fr\"><img loading=\"lazy\" decoding=\"async\" width=\"500\" height=\"500\" data-id=\"42\" src=\"https:\/\/www.basicstoulouse.fr\/wp-content\/uploads\/2025\/05\/4.png\" alt=\"\" class=\"wp-image-42\" srcset=\"https:\/\/www.basicstoulouse.fr\/wp-content\/uploads\/2025\/05\/4.png 500w, https:\/\/www.basicstoulouse.fr\/wp-content\/uploads\/2025\/05\/4-300x300.png 300w, https:\/\/www.basicstoulouse.fr\/wp-content\/uploads\/2025\/05\/4-150x150.png 150w\" sizes=\"auto, (max-width: 500px) 100vw, 500px\" \/><\/a><\/figure>\n<\/figure>\n<\/div>\n\n\n\n<div class=\"wp-block-column is-layout-flow wp-block-column-is-layout-flow\" style=\"flex-basis:25%\">\n<figure class=\"wp-block-gallery has-nested-images columns-default is-cropped wp-block-gallery-3 is-layout-flex wp-block-gallery-is-layout-flex\">\n<figure class=\"wp-block-image size-large\"><a href=\"https:\/\/www.marmulefabric.fr\/\"><img loading=\"lazy\" decoding=\"async\" width=\"500\" height=\"500\" data-id=\"45\" src=\"https:\/\/www.basicstoulouse.fr\/wp-content\/uploads\/2025\/05\/2.png\" alt=\"\" class=\"wp-image-45\" srcset=\"https:\/\/www.basicstoulouse.fr\/wp-content\/uploads\/2025\/05\/2.png 500w, https:\/\/www.basicstoulouse.fr\/wp-content\/uploads\/2025\/05\/2-300x300.png 300w, https:\/\/www.basicstoulouse.fr\/wp-content\/uploads\/2025\/05\/2-150x150.png 150w\" sizes=\"auto, (max-width: 500px) 100vw, 500px\" \/><\/a><\/figure>\n<\/figure>\n<\/div>\n\n\n\n<div class=\"wp-block-column is-layout-flow wp-block-column-is-layout-flow\" style=\"flex-basis:25%\">\n<figure class=\"wp-block-gallery has-nested-images columns-default is-cropped wp-block-gallery-4 is-layout-flex wp-block-gallery-is-layout-flex\">\n<figure class=\"wp-block-image size-large\"><a href=\"https:\/\/www.pwrdbycoffee.fr\/\"><img loading=\"lazy\" decoding=\"async\" width=\"500\" height=\"500\" data-id=\"43\" src=\"https:\/\/www.basicstoulouse.fr\/wp-content\/uploads\/2025\/05\/5.png\" alt=\"\" class=\"wp-image-43\" srcset=\"https:\/\/www.basicstoulouse.fr\/wp-content\/uploads\/2025\/05\/5.png 500w, https:\/\/www.basicstoulouse.fr\/wp-content\/uploads\/2025\/05\/5-300x300.png 300w, https:\/\/www.basicstoulouse.fr\/wp-content\/uploads\/2025\/05\/5-150x150.png 150w\" sizes=\"auto, (max-width: 500px) 100vw, 500px\" \/><\/a><\/figure>\n<\/figure>\n<\/div>\n\n\n\n<div class=\"wp-block-column is-layout-flow wp-block-column-is-layout-flow\" style=\"flex-basis:25%\">\n<figure class=\"wp-block-image size-large is-style-default wp-duotone-unset-5\"><a href=\"https:\/\/jadashop.fr\/\"><img loading=\"lazy\" decoding=\"async\" width=\"500\" height=\"500\" src=\"http:\/\/uiicmtr.cluster021.hosting.ovh.net\/wp-content\/uploads\/2025\/05\/3.png\" alt=\"\" class=\"wp-image-41\" srcset=\"https:\/\/www.basicstoulouse.fr\/wp-content\/uploads\/2025\/05\/3.png 500w, https:\/\/www.basicstoulouse.fr\/wp-content\/uploads\/2025\/05\/3-300x300.png 300w, https:\/\/www.basicstoulouse.fr\/wp-content\/uploads\/2025\/05\/3-150x150.png 150w\" sizes=\"auto, (max-width: 500px) 100vw, 500px\" \/><\/a><\/figure>\n<\/div>\n<\/div>\n<\/div>\n<\/div>\n<\/div>\n\n\n\n<hr class=\"wp-block-separator has-alpha-channel-opacity\"\/>\n\n\n\n<h3 class=\"wp-block-heading has-text-align-center\">Faire partie de l&rsquo;\u00e9dition 2026 en tant que partenaire ?<\/h3>\n\n\n\n<div class=\"wp-block-buttons is-content-justification-center is-layout-flex wp-container-core-buttons-is-layout-a89b3969 wp-block-buttons-is-layout-flex\">\n<div class=\"wp-block-button\"><a class=\"wp-block-button__link has-text-align-center wp-element-button\" href=\"#contact\">Contactez-nous<\/a><\/div>\n\n\n\n<div class=\"wp-block-button\"><a class=\"wp-block-button__link wp-element-button\" href=\"https:\/\/www.canva.com\/design\/DAGTpzGPyTk\/yCnuNsKF_R5paeuSGEVKqQ\/view?utm_content=DAGTpzGPyTk&amp;utm_campaign=designshare&amp;utm_medium=link2&amp;utm_source=uniquelinks&amp;utlId=he74e5f8300\">D\u00e9couvrir notre plaquette<\/a><\/div>\n<\/div>\n\n\n\n<div class=\"wp-block-group alignfull has-background is-layout-constrained wp-container-core-group-is-layout-cfcca693 wp-block-group-is-layout-constrained\" id=\"volontaire\" style=\"background:linear-gradient(35deg,rgb(6,0,151) 0%,rgb(130,4,255) 64%,rgb(193,15,255) 98%);padding-top:104px;padding-bottom:104px\">\n<h2 class=\"wp-block-heading has-text-align-center has-text-color\" style=\"color:#ffffff\">Devenir volontaire<\/h2>\n\n\n\n<p class=\"has-text-align-center has-ast-global-color-5-color has-text-color has-link-color wp-elements-c363156e9577f31b9e2de80959bff6cf\">Juges, accueil, ventes, logistique. Venez vivre un incroyable \u00e9v\u00e8nement et rejoignez notre team b\u00e9n\u00e9vole.<\/p>\n\n\n\n<div class=\"wp-block-buttons alignwide is-horizontal is-content-justification-center is-layout-flex wp-container-core-buttons-is-layout-bba8380a wp-block-buttons-is-layout-flex\" style=\"margin-top:50px\">\n<div class=\"wp-block-button\"><a class=\"wp-block-button__link wp-element-button\" href=\"https:\/\/competitioncorner.net\/events\/16696\/volunteer\">Je veux \u00eatre volontaire<\/a><\/div>\n<\/div>\n<\/div>\n\n\n\n<div class=\"wp-block-group alignwide has-text-color has-background is-layout-flow wp-block-group-is-layout-flow\" id=\"spectateurs\" style=\"color:#000000;background-color:#ffffff\">\n<p class=\"has-text-align-center has-large-font-size\" style=\"line-height:.9\"><strong>Contact<\/strong><\/p>\n\n\n\n<div class=\"wp-block-columns is-layout-flex wp-container-core-columns-is-layout-28f84493 wp-block-columns-is-layout-flex\" id=\"contact\">\n<div class=\"wp-block-column is-layout-flow wp-block-column-is-layout-flow\">\n<div class=\"wp-block-contact-form-7-contact-form-selector\">\n<div class=\"wpcf7 no-js\" id=\"wpcf7-f5-o1\" lang=\"fr-FR\" dir=\"ltr\" data-wpcf7-id=\"5\">\n<div class=\"screen-reader-response\"><p role=\"status\" aria-live=\"polite\" aria-atomic=\"true\"><\/p> <ul><\/ul><\/div>\n<form action=\"\/index.php\/wp-json\/wp\/v2\/pages\/11#wpcf7-f5-o1\" method=\"post\" class=\"wpcf7-form init\" aria-label=\"Formulaire de contact\" novalidate=\"novalidate\" data-status=\"init\">\n<div style=\"display: none;\">\n<input type=\"hidden\" name=\"_wpcf7\" value=\"5\" \/>\n<input type=\"hidden\" name=\"_wpcf7_version\" value=\"6.0.6\" \/>\n<input type=\"hidden\" name=\"_wpcf7_locale\" value=\"fr_FR\" \/>\n<input type=\"hidden\" name=\"_wpcf7_unit_tag\" value=\"wpcf7-f5-o1\" \/>\n<input type=\"hidden\" name=\"_wpcf7_container_post\" value=\"0\" \/>\n<input type=\"hidden\" name=\"_wpcf7_posted_data_hash\" value=\"\" \/>\n<\/div>\n<p><label> Votre nom<br \/>\n<span class=\"wpcf7-form-control-wrap\" data-name=\"your-name\"><input size=\"40\" maxlength=\"400\" class=\"wpcf7-form-control wpcf7-text wpcf7-validates-as-required\" autocomplete=\"name\" aria-required=\"true\" aria-invalid=\"false\" value=\"\" type=\"text\" name=\"your-name\" \/><\/span> <\/label>\n<\/p>\n<p><label> Votre adresse mail<br \/>\n<span class=\"wpcf7-form-control-wrap\" data-name=\"your-email\"><input size=\"40\" maxlength=\"400\" class=\"wpcf7-form-control wpcf7-email wpcf7-validates-as-required wpcf7-text wpcf7-validates-as-email\" autocomplete=\"email\" aria-required=\"true\" aria-invalid=\"false\" value=\"\" type=\"email\" name=\"your-email\" \/><\/span> <\/label>\n<\/p>\n<p><label> Sujet<br \/>\n<span class=\"wpcf7-form-control-wrap\" data-name=\"your-subject\"><input size=\"40\" maxlength=\"400\" class=\"wpcf7-form-control wpcf7-text wpcf7-validates-as-required\" aria-required=\"true\" aria-invalid=\"false\" value=\"\" type=\"text\" name=\"your-subject\" \/><\/span> <\/label>\n<\/p>\n<p><label> Votre message<br \/>\n<span class=\"wpcf7-form-control-wrap\" data-name=\"your-message\"><textarea cols=\"40\" rows=\"10\" maxlength=\"2000\" class=\"wpcf7-form-control wpcf7-textarea\" aria-invalid=\"false\" name=\"your-message\"><\/textarea><\/span> <\/label>\n<\/p>\n<p><input class=\"wpcf7-form-control wpcf7-submit has-spinner\" type=\"submit\" value=\"Envoyer\" \/>\n<\/p><div class=\"wpcf7-response-output\" aria-hidden=\"true\"><\/div>\n<\/form>\n<\/div>\n<\/div>\n<\/div>\n<\/div>\n<\/div>\n","protected":false},"excerpt":{"rendered":"<p>L&rsquo;\u00e9v\u00e8nement \u00e0 ne pas rater Plus de 500 athl\u00e8tes se sont affront\u00e9s en team de 3, au MIN (March\u00e9 d&rsquo;Int\u00e9r\u00eat [&hellip;]<\/p>\n","protected":false},"author":1,"featured_media":0,"parent":0,"menu_order":0,"comment_status":"closed","ping_status":"closed","template":"","meta":{"site-sidebar-layout":"no-sidebar","site-content-layout":"plain-container","ast-site-content-layout":"","site-content-style":"default","site-sidebar-style":"default","ast-global-header-display":"","ast-banner-title-visibility":"","ast-main-header-display":"","ast-hfb-above-header-display":"","ast-hfb-below-header-display":"","ast-hfb-mobile-header-display":"","site-post-title":"disabled","ast-breadcrumbs-content":"","ast-featured-img":"","footer-sml-layout":"","theme-transparent-header-meta":"enabled","adv-header-id-meta":"","stick-header-meta":"","header-above-stick-meta":"","header-main-stick-meta":"","header-below-stick-meta":"","astra-migrate-meta-layouts":"default","ast-page-background-enabled":"default","ast-page-background-meta":{"desktop":{"background-color":"var(--ast-global-color-5)","background-image":"","background-repeat":"repeat","background-position":"center center","background-size":"auto","background-attachment":"scroll","background-type":"","background-media":"","overlay-type":"","overlay-color":"","overlay-opacity":"","overlay-gradient":""},"tablet":{"background-color":"","background-image":"","background-repeat":"repeat","background-position":"center center","background-size":"auto","background-attachment":"scroll","background-type":"","background-media":"","overlay-type":"","overlay-color":"","overlay-opacity":"","overlay-gradient":""},"mobile":{"background-color":"","background-image":"","background-repeat":"repeat","background-position":"center center","background-size":"auto","background-attachment":"scroll","background-type":"","background-media":"","overlay-type":"","overlay-color":"","overlay-opacity":"","overlay-gradient":""}},"ast-content-background-meta":{"desktop":{"background-color":"var(--ast-global-color-4)","background-image":"","background-repeat":"repeat","background-position":"center center","background-size":"auto","background-attachment":"scroll","background-type":"","background-media":"","overlay-type":"","overlay-color":"","overlay-opacity":"","overlay-gradient":""},"tablet":{"background-color":"var(--ast-global-color-4)","background-image":"","background-repeat":"repeat","background-position":"center center","background-size":"auto","background-attachment":"scroll","background-type":"","background-media":"","overlay-type":"","overlay-color":"","overlay-opacity":"","overlay-gradient":""},"mobile":{"background-color":"var(--ast-global-color-4)","background-image":"","background-repeat":"repeat","background-position":"center center","background-size":"auto","background-attachment":"scroll","background-type":"","background-media":"","overlay-type":"","overlay-color":"","overlay-opacity":"","overlay-gradient":""}},"footnotes":""},"class_list":["post-11","page","type-page","status-publish","hentry"],"_links":{"self":[{"href":"https:\/\/www.basicstoulouse.fr\/index.php\/wp-json\/wp\/v2\/pages\/11","targetHints":{"allow":["GET"]}}],"collection":[{"href":"https:\/\/www.basicstoulouse.fr\/index.php\/wp-json\/wp\/v2\/pages"}],"about":[{"href":"https:\/\/www.basicstoulouse.fr\/index.php\/wp-json\/wp\/v2\/types\/page"}],"author":[{"embeddable":true,"href":"https:\/\/www.basicstoulouse.fr\/index.php\/wp-json\/wp\/v2\/users\/1"}],"replies":[{"embeddable":true,"href":"https:\/\/www.basicstoulouse.fr\/index.php\/wp-json\/wp\/v2\/comments?post=11"}],"version-history":[{"count":93,"href":"https:\/\/www.basicstoulouse.fr\/index.php\/wp-json\/wp\/v2\/pages\/11\/revisions"}],"predecessor-version":[{"id":353,"href":"https:\/\/www.basicstoulouse.fr\/index.php\/wp-json\/wp\/v2\/pages\/11\/revisions\/353"}],"wp:attachment":[{"href":"https:\/\/www.basicstoulouse.fr\/index.php\/wp-json\/wp\/v2\/media?parent=11"}],"curies":[{"name":"wp","href":"https:\/\/api.w.org\/{rel}","templated":true}]}}