{"id":197,"date":"2025-06-03T21:22:43","date_gmt":"2025-06-03T19:22:43","guid":{"rendered":"https:\/\/www.basicstoulouse.fr\/?page_id=197"},"modified":"2025-09-24T18:17:31","modified_gmt":"2025-09-24T16:17:31","slug":"le-lieu-et-acces","status":"publish","type":"page","link":"https:\/\/www.basicstoulouse.fr\/index.php\/le-lieu-et-acces\/","title":{"rendered":"Le lieu et acc\u00e8s"},"content":{"rendered":"\n<div class=\"wp-block-group alignfull is-layout-constrained wp-block-group-is-layout-constrained\" style=\"margin-top:0;margin-bottom:0\">\n<h2 class=\"wp-block-heading alignwide\">Comment acc\u00e9der ?<\/h2>\n\n\n\n<div class=\"wp-block-buttons is-layout-flex wp-block-buttons-is-layout-flex\">\n<div class=\"wp-block-button\"><a class=\"wp-block-button__link wp-element-button\" href=\"http:\/\/www.basicstoulouse.fr\/wp-content\/uploads\/2025\/09\/Design-sans-titre.png\">QR CODE d&rsquo;acc\u00e8s au barri\u00e8re<\/a><\/div>\n<\/div>\n\n\n\n<div class=\"wp-block-media-text alignwide has-media-on-the-right is-stacked-on-mobile\" style=\"border-style:none;border-width:0px;border-radius:27px;grid-template-columns:auto 54%\"><div class=\"wp-block-media-text__content\">\n<p>Sortie 33B, rocade,<\/p>\n\n\n\n<p><strong>Acc\u00e8s voiture :<\/strong> 200 Av. des \u00c9tats-Unis, 31200 Toulouse, nombreux parking \u00e0 disposition<\/p>\n\n\n\n<figure class=\"wp-block-image size-large\"><img loading=\"lazy\" decoding=\"async\" width=\"1024\" height=\"724\" src=\"https:\/\/www.basicstoulouse.fr\/wp-content\/uploads\/2025\/08\/PLAN-BASICS-1024x724.png\" alt=\"\" class=\"wp-image-263\" srcset=\"https:\/\/www.basicstoulouse.fr\/wp-content\/uploads\/2025\/08\/PLAN-BASICS-1024x724.png 1024w, https:\/\/www.basicstoulouse.fr\/wp-content\/uploads\/2025\/08\/PLAN-BASICS-300x212.png 300w, https:\/\/www.basicstoulouse.fr\/wp-content\/uploads\/2025\/08\/PLAN-BASICS-768x543.png 768w, https:\/\/www.basicstoulouse.fr\/wp-content\/uploads\/2025\/08\/PLAN-BASICS-1536x1086.png 1536w, https:\/\/www.basicstoulouse.fr\/wp-content\/uploads\/2025\/08\/PLAN-BASICS.png 2000w\" sizes=\"auto, (max-width: 1024px) 100vw, 1024px\" \/><\/figure>\n\n\n\n<p><strong>Acc\u00e8s pi\u00e9ton :<\/strong> 159 av de fronton, 31200 TOULOUSE, m\u00e9tro LA VACHE \u00e0 proximit\u00e9 (800m)<\/p>\n\n\n\n<p><strong>QR CODE obligatoire pour entrer sur le site<\/strong> :<\/p>\n\n\n\n<figure class=\"wp-block-image size-full\"><img loading=\"lazy\" decoding=\"async\" width=\"400\" height=\"400\" src=\"https:\/\/www.basicstoulouse.fr\/wp-content\/uploads\/2025\/09\/Design-sans-titre.png\" alt=\"\" class=\"wp-image-308\" srcset=\"https:\/\/www.basicstoulouse.fr\/wp-content\/uploads\/2025\/09\/Design-sans-titre.png 400w, https:\/\/www.basicstoulouse.fr\/wp-content\/uploads\/2025\/09\/Design-sans-titre-300x300.png 300w, https:\/\/www.basicstoulouse.fr\/wp-content\/uploads\/2025\/09\/Design-sans-titre-150x150.png 150w\" sizes=\"auto, (max-width: 400px) 100vw, 400px\" \/><\/figure>\n\n\n\n<div class=\"wp-block-buttons is-content-justification-center is-layout-flex wp-container-core-buttons-is-layout-a89b3969 wp-block-buttons-is-layout-flex\">\n<div class=\"wp-block-button\"><a class=\"wp-block-button__link wp-element-button\" href=\"https:\/\/maps.app.goo.gl\/hEPG2xNu5hDazyHj8\">Itin\u00e9raire<\/a><\/div>\n<\/div>\n<\/div><figure class=\"wp-block-media-text__media\"><img loading=\"lazy\" decoding=\"async\" width=\"826\" height=\"685\" src=\"https:\/\/www.basicstoulouse.fr\/wp-content\/uploads\/2025\/06\/image.png\" alt=\"\" class=\"wp-image-195 size-full\" srcset=\"https:\/\/www.basicstoulouse.fr\/wp-content\/uploads\/2025\/06\/image.png 826w, https:\/\/www.basicstoulouse.fr\/wp-content\/uploads\/2025\/06\/image-300x249.png 300w, https:\/\/www.basicstoulouse.fr\/wp-content\/uploads\/2025\/06\/image-768x637.png 768w\" sizes=\"auto, (max-width: 826px) 100vw, 826px\" \/><\/figure><\/div>\n\n\n\n<div style=\"height:var(--wp--preset--spacing--20)\" aria-hidden=\"true\" class=\"wp-block-spacer\"><\/div>\n\n\n\n<div class=\"wp-block-group alignwide is-layout-flow wp-block-group-is-layout-flow\">\n<div class=\"wp-block-columns are-vertically-aligned-top is-layout-flex wp-container-core-columns-is-layout-5c8fb865 wp-block-columns-is-layout-flex\">\n<div class=\"wp-block-column is-vertically-aligned-top is-content-justification-left is-layout-constrained wp-container-core-column-is-layout-95996b15 wp-block-column-is-layout-constrained\">\n<h2 class=\"wp-block-heading alignwide\">Un lieu exceptionnel.<\/h2>\n<\/div>\n\n\n\n<div class=\"wp-block-column is-vertically-aligned-top is-layout-flow wp-block-column-is-layout-flow\" style=\"flex-basis:40%\">\n<p>Situ\u00e9 dans le nord de Toulouse dans un complexe accueillant le March\u00e9 d&rsquo;Int\u00e9r\u00eat National (MIN), le lieu offre un cadre incroyable.<\/p>\n<\/div>\n<\/div>\n\n\n\n<div style=\"height:8px\" aria-hidden=\"true\" class=\"wp-block-spacer\"><\/div>\n\n\n\n<div class=\"wp-block-cover\"><img loading=\"lazy\" decoding=\"async\" width=\"1920\" height=\"1080\" class=\"wp-block-cover__image-background wp-image-194 size-full\" alt=\"\" src=\"https:\/\/www.basicstoulouse.fr\/wp-content\/uploads\/2025\/06\/PLAN-VILLAGE-PARTENAIRE.png\" data-object-fit=\"cover\" srcset=\"https:\/\/www.basicstoulouse.fr\/wp-content\/uploads\/2025\/06\/PLAN-VILLAGE-PARTENAIRE.png 1920w, https:\/\/www.basicstoulouse.fr\/wp-content\/uploads\/2025\/06\/PLAN-VILLAGE-PARTENAIRE-300x169.png 300w, https:\/\/www.basicstoulouse.fr\/wp-content\/uploads\/2025\/06\/PLAN-VILLAGE-PARTENAIRE-1024x576.png 1024w, https:\/\/www.basicstoulouse.fr\/wp-content\/uploads\/2025\/06\/PLAN-VILLAGE-PARTENAIRE-768x432.png 768w, https:\/\/www.basicstoulouse.fr\/wp-content\/uploads\/2025\/06\/PLAN-VILLAGE-PARTENAIRE-1536x864.png 1536w\" sizes=\"auto, (max-width: 1920px) 100vw, 1920px\" \/><span aria-hidden=\"true\" class=\"wp-block-cover__background has-background-dim\"><\/span><div class=\"wp-block-cover__inner-container is-layout-flow wp-block-cover-is-layout-flow\">\n<p><\/p>\n<\/div><\/div>\n<\/div>\n\n\n\n<div class=\"wp-block-media-text alignwide has-media-on-the-right is-stacked-on-mobile is-vertically-aligned-center is-style-default\" style=\"grid-template-columns:auto 31%\"><div class=\"wp-block-media-text__content\">\n<h2 class=\"wp-block-heading has-text-color\" style=\"color:#000000\"><strong>Floor principal<\/strong><\/h2>\n\n\n\n<p class=\"has-text-color\" style=\"color:#636363;font-size:17px;line-height:1.1\">Le floor RXWEAR accueillera 500 spectateurs et offrira un spectacles sur 15 couloirs.<\/p>\n<\/div><figure class=\"wp-block-media-text__media\"><img loading=\"lazy\" decoding=\"async\" width=\"1024\" height=\"1024\" src=\"http:\/\/www.basicstoulouse.fr\/wp-content\/uploads\/2025\/05\/23-mars-rendu-1024x1024.png\" alt=\"\" class=\"wp-image-37 size-full\" srcset=\"https:\/\/www.basicstoulouse.fr\/wp-content\/uploads\/2025\/05\/23-mars-rendu-1024x1024.png 1024w, https:\/\/www.basicstoulouse.fr\/wp-content\/uploads\/2025\/05\/23-mars-rendu-300x300.png 300w, https:\/\/www.basicstoulouse.fr\/wp-content\/uploads\/2025\/05\/23-mars-rendu-150x150.png 150w, https:\/\/www.basicstoulouse.fr\/wp-content\/uploads\/2025\/05\/23-mars-rendu-768x768.png 768w, https:\/\/www.basicstoulouse.fr\/wp-content\/uploads\/2025\/05\/23-mars-rendu.png 1350w\" sizes=\"auto, (max-width: 1024px) 100vw, 1024px\" \/><\/figure><\/div>\n\n\n\n<div style=\"height:var(--wp--preset--spacing--20)\" aria-hidden=\"true\" class=\"wp-block-spacer\"><\/div>\n\n\n\n<h2 class=\"wp-block-heading alignwide\">Plan de l&rsquo;\u00e9v\u00e9nement<\/h2>\n\n\n\n<figure class=\"wp-block-image alignwide\"><img loading=\"lazy\" decoding=\"async\" width=\"1600\" height=\"888\" src=\"https:\/\/www.basicstoulouse.fr\/wp-content\/uploads\/2025\/06\/WhatsApp-Image-2025-06-03-at-17.56.31.jpeg\" alt=\"\" class=\"wp-image-193\" srcset=\"https:\/\/www.basicstoulouse.fr\/wp-content\/uploads\/2025\/06\/WhatsApp-Image-2025-06-03-at-17.56.31.jpeg 1600w, https:\/\/www.basicstoulouse.fr\/wp-content\/uploads\/2025\/06\/WhatsApp-Image-2025-06-03-at-17.56.31-300x167.jpeg 300w, https:\/\/www.basicstoulouse.fr\/wp-content\/uploads\/2025\/06\/WhatsApp-Image-2025-06-03-at-17.56.31-1024x568.jpeg 1024w, https:\/\/www.basicstoulouse.fr\/wp-content\/uploads\/2025\/06\/WhatsApp-Image-2025-06-03-at-17.56.31-768x426.jpeg 768w, https:\/\/www.basicstoulouse.fr\/wp-content\/uploads\/2025\/06\/WhatsApp-Image-2025-06-03-at-17.56.31-1536x852.jpeg 1536w\" sizes=\"auto, (max-width: 1600px) 100vw, 1600px\" \/><\/figure>\n<\/div>\n","protected":false},"excerpt":{"rendered":"<p>Comment acc\u00e9der ? Sortie 33B, rocade, Acc\u00e8s voiture : 200 Av. des \u00c9tats-Unis, 31200 Toulouse, nombreux parking \u00e0 disposition Acc\u00e8s [&hellip;]<\/p>\n","protected":false},"author":1,"featured_media":0,"parent":0,"menu_order":0,"comment_status":"closed","ping_status":"closed","template":"","meta":{"site-sidebar-layout":"default","site-content-layout":"","ast-site-content-layout":"","site-content-style":"default","site-sidebar-style":"default","ast-global-header-display":"","ast-banner-title-visibility":"","ast-main-header-display":"","ast-hfb-above-header-display":"","ast-hfb-below-header-display":"","ast-hfb-mobile-header-display":"","site-post-title":"disabled","ast-breadcrumbs-content":"","ast-featured-img":"","footer-sml-layout":"","theme-transparent-header-meta":"","adv-header-id-meta":"","stick-header-meta":"","header-above-stick-meta":"","header-main-stick-meta":"","header-below-stick-meta":"","astra-migrate-meta-layouts":"default","ast-page-background-enabled":"default","ast-page-background-meta":{"desktop":{"background-color":"var(--ast-global-color-5)","background-image":"","background-repeat":"repeat","background-position":"center center","background-size":"auto","background-attachment":"scroll","background-type":"","background-media":"","overlay-type":"","overlay-color":"","overlay-opacity":"","overlay-gradient":""},"tablet":{"background-color":"","background-image":"","background-repeat":"repeat","background-position":"center center","background-size":"auto","background-attachment":"scroll","background-type":"","background-media":"","overlay-type":"","overlay-color":"","overlay-opacity":"","overlay-gradient":""},"mobile":{"background-color":"","background-image":"","background-repeat":"repeat","background-position":"center center","background-size":"auto","background-attachment":"scroll","background-type":"","background-media":"","overlay-type":"","overlay-color":"","overlay-opacity":"","overlay-gradient":""}},"ast-content-background-meta":{"desktop":{"background-color":"var(--ast-global-color-4)","background-image":"","background-repeat":"repeat","background-position":"center center","background-size":"auto","background-attachment":"scroll","background-type":"","background-media":"","overlay-type":"","overlay-color":"","overlay-opacity":"","overlay-gradient":""},"tablet":{"background-color":"var(--ast-global-color-4)","background-image":"","background-repeat":"repeat","background-position":"center center","background-size":"auto","background-attachment":"scroll","background-type":"","background-media":"","overlay-type":"","overlay-color":"","overlay-opacity":"","overlay-gradient":""},"mobile":{"background-color":"var(--ast-global-color-4)","background-image":"","background-repeat":"repeat","background-position":"center center","background-size":"auto","background-attachment":"scroll","background-type":"","background-media":"","overlay-type":"","overlay-color":"","overlay-opacity":"","overlay-gradient":""}},"footnotes":""},"class_list":["post-197","page","type-page","status-publish","hentry"],"_links":{"self":[{"href":"https:\/\/www.basicstoulouse.fr\/index.php\/wp-json\/wp\/v2\/pages\/197","targetHints":{"allow":["GET"]}}],"collection":[{"href":"https:\/\/www.basicstoulouse.fr\/index.php\/wp-json\/wp\/v2\/pages"}],"about":[{"href":"https:\/\/www.basicstoulouse.fr\/index.php\/wp-json\/wp\/v2\/types\/page"}],"author":[{"embeddable":true,"href":"https:\/\/www.basicstoulouse.fr\/index.php\/wp-json\/wp\/v2\/users\/1"}],"replies":[{"embeddable":true,"href":"https:\/\/www.basicstoulouse.fr\/index.php\/wp-json\/wp\/v2\/comments?post=197"}],"version-history":[{"count":11,"href":"https:\/\/www.basicstoulouse.fr\/index.php\/wp-json\/wp\/v2\/pages\/197\/revisions"}],"predecessor-version":[{"id":313,"href":"https:\/\/www.basicstoulouse.fr\/index.php\/wp-json\/wp\/v2\/pages\/197\/revisions\/313"}],"wp:attachment":[{"href":"https:\/\/www.basicstoulouse.fr\/index.php\/wp-json\/wp\/v2\/media?parent=197"}],"curies":[{"name":"wp","href":"https:\/\/api.w.org\/{rel}","templated":true}]}}