{"id":236,"date":"2025-06-04T17:26:11","date_gmt":"2025-06-04T15:26:11","guid":{"rendered":"https:\/\/www.basicstoulouse.fr\/?page_id=236"},"modified":"2025-07-09T12:02:06","modified_gmt":"2025-07-09T10:02:06","slug":"sinscrire","status":"publish","type":"page","link":"https:\/\/www.basicstoulouse.fr\/index.php\/sinscrire\/","title":{"rendered":"S&rsquo;inscrire"},"content":{"rendered":"\n<div class=\"wp-block-cover alignwide is-light\"><span aria-hidden=\"true\" class=\"wp-block-cover__background has-background-dim-100 has-background-dim\" style=\"background-color:#ffffff\"><\/span><div class=\"wp-block-cover__inner-container is-layout-flow wp-block-cover-is-layout-flow\">\n<div class=\"wp-block-columns alignwide is-layout-flex wp-container-core-columns-is-layout-d2da2050 wp-block-columns-is-layout-flex\" style=\"margin-bottom:0\">\n<div class=\"wp-block-column has-text-color has-background has-link-color wp-elements-2e581291a25166afb239fbc0b54567b8 is-layout-flow wp-block-column-is-layout-flow\" style=\"color:#000000;background-color:#b064a670;padding-top:2em;padding-right:2em;padding-bottom:2em;padding-left:2em\">\n<h2 class=\"wp-block-heading\" id=\"single\" style=\"font-size:40px\"><strong>CATEGORIE PRO<\/strong><\/h2>\n\n\n\n<p class=\"has-normal-font-size\" style=\"line-height:1.5\"><strong>TEAM HHH<\/strong> &#8211; TEAM FFF &#8211; TEAM MASTER HHH &#8211; TEAM MASTER FFF<\/p>\n\n\n\n<hr class=\"wp-block-separator has-text-color has-css-opacity has-background is-style-wide\" style=\"background-color:#000000;color:#000000\"\/>\n\n\n\n<ul class=\"wp-block-list has-normal-font-size\">\n<li>Cette cat\u00e9gorie est d\u00e9j\u00e0 remplie suite \u00e0 la phase de qualification.<\/li>\n\n\n\n<li>Programme de comp\u00e9tition : vendredi soir, samedi et dimanche<\/li>\n<\/ul>\n\n\n\n<div class=\"wp-block-buttons alignfull is-horizontal is-content-justification-center is-layout-flex wp-container-core-buttons-is-layout-03627597 wp-block-buttons-is-layout-flex\">\n<div class=\"wp-block-button has-custom-width wp-block-button__width-100\"><a class=\"wp-block-button__link has-white-color has-cyan-bluish-gray-background-color has-text-color has-background no-border-radius wp-element-button\">Ferm\u00e9e<\/a><\/div>\n<\/div>\n<\/div>\n\n\n\n<div class=\"wp-block-column has-text-color has-background has-link-color wp-elements-556d601919ccf846ec63e591f3569ff0 is-layout-flow wp-block-column-is-layout-flow\" style=\"color:#000000;background-color:#3f49995c;padding-top:2em;padding-right:2em;padding-bottom:2em;padding-left:2em\">\n<h2 class=\"wp-block-heading\" id=\"family\" style=\"font-size:40px\"><strong>CATEGORIE OPEN<\/strong><\/h2>\n\n\n\n<p class=\"has-normal-font-size\" style=\"line-height:1.5\"><strong><strong>TEAM HHH<\/strong> &#8211; TEAM FFF &#8211; TEAM MASTER HHH &#8211; TEAM MASTER FF<\/strong>F<\/p>\n\n\n\n<hr class=\"wp-block-separator has-css-opacity is-style-wide\"\/>\n\n\n\n<ul class=\"wp-block-list has-normal-font-size\">\n<li>Accessible pour les habitu\u00e9s RX- INTERMEDIAIRE en comp\u00e9tition<\/li>\n\n\n\n<li>Programme de comp\u00e9tition : samedi et dimanche<\/li>\n\n\n\n<li><a href=\"#standard\">Les standards<\/a><\/li>\n<\/ul>\n\n\n\n<div class=\"wp-block-buttons alignfull is-horizontal is-content-justification-center is-layout-flex wp-container-core-buttons-is-layout-03627597 wp-block-buttons-is-layout-flex\">\n<div class=\"wp-block-button has-custom-width wp-block-button__width-100 is-style-fill\"><a class=\"wp-block-button__link has-white-color has-text-color has-background no-border-radius wp-element-button\" href=\"https:\/\/competitioncorner.net\/events\/16696\/details\" style=\"background-color:#000000\">Ferm\u00e9e<\/a><\/div>\n<\/div>\n<\/div>\n<\/div>\n\n\n\n<h2 class=\"wp-block-heading\" id=\"standard\">Standards CATEGORIE OPEN<\/h2>\n\n\n\n<div class=\"wp-block-media-text alignwide is-stacked-on-mobile is-vertically-aligned-center\" style=\"padding-right:0;padding-left:0;grid-template-columns:47% auto\"><figure class=\"wp-block-media-text__media\"><img loading=\"lazy\" decoding=\"async\" width=\"819\" height=\"1024\" src=\"http:\/\/www.basicstoulouse.fr\/wp-content\/uploads\/2025\/06\/Publi-insta-basics-nouveau-format-1-819x1024.png\" alt=\"\" class=\"wp-image-237 size-full\" srcset=\"https:\/\/www.basicstoulouse.fr\/wp-content\/uploads\/2025\/06\/Publi-insta-basics-nouveau-format-1-819x1024.png 819w, https:\/\/www.basicstoulouse.fr\/wp-content\/uploads\/2025\/06\/Publi-insta-basics-nouveau-format-1-240x300.png 240w, https:\/\/www.basicstoulouse.fr\/wp-content\/uploads\/2025\/06\/Publi-insta-basics-nouveau-format-1-768x960.png 768w, https:\/\/www.basicstoulouse.fr\/wp-content\/uploads\/2025\/06\/Publi-insta-basics-nouveau-format-1.png 1080w\" sizes=\"auto, (max-width: 819px) 100vw, 819px\" \/><\/figure><div class=\"wp-block-media-text__content\">\n<h2 class=\"wp-block-heading has-medium-font-size\">Une cat\u00e9gorie ouverte au plus grand nombre !<\/h2>\n\n\n\n<p>La programmation des basics en OPEN est pens\u00e9e pour \u00eatre accessible et challengeante<\/p>\n\n\n\n<p>Si vous n\u201davez pas tous les skills, vous ne serez pas bloqu\u00e9 pour autant. La programmation pr\u00e9voit :<\/p>\n\n\n\n<p>des possibilit\u00e9s de partage,<\/p>\n\n\n\n<p>des difficult\u00e9s progressives,<\/p>\n\n\n\n<div class=\"wp-block-buttons is-content-justification-center is-layout-flex wp-container-core-buttons-is-layout-a89b3969 wp-block-buttons-is-layout-flex\">\n<div class=\"wp-block-button has-custom-width wp-block-button__width-75\"><a class=\"wp-block-button__link wp-element-button\" href=\"https:\/\/competitioncorner.net\/events\/16696\/details\">S&rsquo;inscrire en OPEN<\/a><\/div>\n<\/div>\n<\/div><\/div>\n<\/div><\/div>\n\n\n\n<p><\/p>\n","protected":false},"excerpt":{"rendered":"","protected":false},"author":1,"featured_media":0,"parent":0,"menu_order":0,"comment_status":"closed","ping_status":"closed","template":"","meta":{"site-sidebar-layout":"default","site-content-layout":"","ast-site-content-layout":"","site-content-style":"default","site-sidebar-style":"default","ast-global-header-display":"","ast-banner-title-visibility":"","ast-main-header-display":"","ast-hfb-above-header-display":"","ast-hfb-below-header-display":"","ast-hfb-mobile-header-display":"","site-post-title":"","ast-breadcrumbs-content":"","ast-featured-img":"","footer-sml-layout":"","theme-transparent-header-meta":"","adv-header-id-meta":"","stick-header-meta":"","header-above-stick-meta":"","header-main-stick-meta":"","header-below-stick-meta":"","astra-migrate-meta-layouts":"default","ast-page-background-enabled":"default","ast-page-background-meta":{"desktop":{"background-color":"var(--ast-global-color-5)","background-image":"","background-repeat":"repeat","background-position":"center center","background-size":"auto","background-attachment":"scroll","background-type":"","background-media":"","overlay-type":"","overlay-color":"","overlay-opacity":"","overlay-gradient":""},"tablet":{"background-color":"","background-image":"","background-repeat":"repeat","background-position":"center center","background-size":"auto","background-attachment":"scroll","background-type":"","background-media":"","overlay-type":"","overlay-color":"","overlay-opacity":"","overlay-gradient":""},"mobile":{"background-color":"","background-image":"","background-repeat":"repeat","background-position":"center center","background-size":"auto","background-attachment":"scroll","background-type":"","background-media":"","overlay-type":"","overlay-color":"","overlay-opacity":"","overlay-gradient":""}},"ast-content-background-meta":{"desktop":{"background-color":"var(--ast-global-color-4)","background-image":"","background-repeat":"repeat","background-position":"center center","background-size":"auto","background-attachment":"scroll","background-type":"","background-media":"","overlay-type":"","overlay-color":"","overlay-opacity":"","overlay-gradient":""},"tablet":{"background-color":"var(--ast-global-color-4)","background-image":"","background-repeat":"repeat","background-position":"center center","background-size":"auto","background-attachment":"scroll","background-type":"","background-media":"","overlay-type":"","overlay-color":"","overlay-opacity":"","overlay-gradient":""},"mobile":{"background-color":"var(--ast-global-color-4)","background-image":"","background-repeat":"repeat","background-position":"center center","background-size":"auto","background-attachment":"scroll","background-type":"","background-media":"","overlay-type":"","overlay-color":"","overlay-opacity":"","overlay-gradient":""}},"footnotes":""},"class_list":["post-236","page","type-page","status-publish","hentry"],"_links":{"self":[{"href":"https:\/\/www.basicstoulouse.fr\/index.php\/wp-json\/wp\/v2\/pages\/236","targetHints":{"allow":["GET"]}}],"collection":[{"href":"https:\/\/www.basicstoulouse.fr\/index.php\/wp-json\/wp\/v2\/pages"}],"about":[{"href":"https:\/\/www.basicstoulouse.fr\/index.php\/wp-json\/wp\/v2\/types\/page"}],"author":[{"embeddable":true,"href":"https:\/\/www.basicstoulouse.fr\/index.php\/wp-json\/wp\/v2\/users\/1"}],"replies":[{"embeddable":true,"href":"https:\/\/www.basicstoulouse.fr\/index.php\/wp-json\/wp\/v2\/comments?post=236"}],"version-history":[{"count":2,"href":"https:\/\/www.basicstoulouse.fr\/index.php\/wp-json\/wp\/v2\/pages\/236\/revisions"}],"predecessor-version":[{"id":252,"href":"https:\/\/www.basicstoulouse.fr\/index.php\/wp-json\/wp\/v2\/pages\/236\/revisions\/252"}],"wp:attachment":[{"href":"https:\/\/www.basicstoulouse.fr\/index.php\/wp-json\/wp\/v2\/media?parent=236"}],"curies":[{"name":"wp","href":"https:\/\/api.w.org\/{rel}","templated":true}]}}